{"id":1072,"date":"2016-06-14T14:57:11","date_gmt":"2016-06-14T13:57:11","guid":{"rendered":"https:\/\/www.as-hotel.com\/en\/conditions-generales\/"},"modified":"2016-06-29T09:58:26","modified_gmt":"2016-06-29T08:58:26","slug":"terms-and-conditions","status":"publish","type":"page","link":"https:\/\/www.as-hotel.com\/en\/terms-and-conditions\/","title":{"rendered":"Terms and conditions"},"content":{"rendered":"<p><strong>Traduction a venir<\/strong><\/p>\n<h1>Conditions g\u00e9n\u00e9rales<\/h1>\n<p>&nbsp;<\/p>\n<div style=\"background-color:#D64D5E; padding: 5px;\">\n<h3 style=\"color:#ffffff;\">Conditions de r\u00e9servations<\/h3>\n<\/div>\n<p>&nbsp;<br \/>\n\n<ul class=\"list-1\">\n<li>Lors de votre r\u00e9servation pr\u00e9cisez votre heure d\u2019arriv\u00e9e pr\u00e9vue<\/li>\n<li>Votre r\u00e9servation est valable jusqu\u2019\u00e0 19h<\/li>\n<li>Pour une arriv\u00e9e apr\u00e8s 19h, veuillez t\u00e9l\u00e9phoner \u00e0 l\u2019h\u00f4tel avant 19h pour pr\u00e9ciser votre heure d\u2019arriv\u00e9e et conna\u00eetre la proc\u00e9dure de remise des cl\u00e9s<\/li>\n<li>Sans nouvelle de votre part votre r\u00e9servation sera annul\u00e9e. Si vous nous avez communiqu\u00e9 votre num\u00e9ro de t\u00e9l\u00e9phone nous tenterons de vous appeler avant d\u2019annuler la r\u00e9servation<\/li>\n<li>Vous pouvez garantir  votre r\u00e9servation en communiquant le num\u00e9ro de votre carte bancaire ou en nous envoyant un ch\u00e8que bancaire<\/li>\n<\/ul>\n\n&nbsp;<br \/>\n&nbsp;<\/p>\n<div style=\"background-color:#D64D5E; padding: 5px;\">\n<h3 style=\"color:#ffffff;\">Conditions d\u2019annulations<\/h3>\n<\/div>\n<p>&nbsp;<br \/>\n\n<ul class=\"list-1\">\n<li>En cas d\u2019emp\u00eachement, vous pouvez annuler au plus tard le jour pr\u00e9vu de votre arriv\u00e9e, en contactant directement l\u2019h\u00f4tel et ceci jusqu\u2019\u00e0 18h.<\/li>\n<li>Dans le cas contraire, votre r\u00e9servation  non annul\u00e9e dans les temps, entrainera la facturation de la premi\u00e8re nuit\u00e9e et l\u2019annulation des nuit\u00e9es suivantes.<\/li>\n<li>Attention si vous avez communiqu\u00e9 votre num\u00e9ro de carte bancaire ou envoy\u00e9 un ch\u00e8que une annulation \u00e9crite par fax ou email est exig\u00e9e.<\/li>\n<\/ul>\n\n","protected":false},"excerpt":{"rendered":"<p>Traduction a venir Conditions g\u00e9n\u00e9rales &nbsp; Conditions de r\u00e9servations &nbsp; &nbsp; &nbsp; Conditions d\u2019annulations &nbsp;<\/p>\n","protected":false},"author":2,"featured_media":0,"parent":0,"menu_order":0,"comment_status":"closed","ping_status":"closed","template":"page-FullWidth.php","meta":{"footnotes":""},"class_list":["post-1072","page","type-page","status-publish","hentry"],"yoast_head":"<!-- This site is optimized with the Yoast SEO plugin v26.8 - https:\/\/yoast.com\/product\/yoast-seo-wordpress\/ -->\n<title>Terms and conditions - As Hotel Orleans. Artenay.<\/title>\n<meta name=\"robots\" content=\"index, follow, max-snippet:-1, max-image-preview:large, max-video-preview:-1\" \/>\n<link rel=\"canonical\" href=\"https:\/\/www.as-hotel.com\/en\/terms-and-conditions\/\" \/>\n<meta property=\"og:locale\" content=\"en_US\" \/>\n<meta property=\"og:type\" content=\"article\" \/>\n<meta property=\"og:title\" content=\"Terms and conditions - As Hotel Orleans. Artenay.\" \/>\n<meta property=\"og:description\" content=\"Traduction a venir Conditions g\u00e9n\u00e9rales &nbsp; Conditions de r\u00e9servations &nbsp; &nbsp; &nbsp; Conditions d\u2019annulations &nbsp;\" \/>\n<meta property=\"og:url\" content=\"https:\/\/www.as-hotel.com\/en\/terms-and-conditions\/\" \/>\n<meta property=\"og:site_name\" content=\"As Hotel Orleans. Artenay.\" \/>\n<meta property=\"article:modified_time\" content=\"2016-06-29T08:58:26+00:00\" \/>\n<meta name=\"twitter:card\" content=\"summary_large_image\" \/>\n<meta name=\"twitter:label1\" content=\"Est. reading time\" \/>\n\t<meta name=\"twitter:data1\" content=\"1 minute\" \/>\n<script type=\"application\/ld+json\" class=\"yoast-schema-graph\">{\"@context\":\"https:\/\/schema.org\",\"@graph\":[{\"@type\":\"WebPage\",\"@id\":\"https:\/\/www.as-hotel.com\/en\/terms-and-conditions\/\",\"url\":\"https:\/\/www.as-hotel.com\/en\/terms-and-conditions\/\",\"name\":\"Terms and conditions - As Hotel Orleans. Artenay.\",\"isPartOf\":{\"@id\":\"https:\/\/www.as-hotel.com\/#website\"},\"datePublished\":\"2016-06-14T13:57:11+00:00\",\"dateModified\":\"2016-06-29T08:58:26+00:00\",\"breadcrumb\":{\"@id\":\"https:\/\/www.as-hotel.com\/en\/terms-and-conditions\/#breadcrumb\"},\"inLanguage\":\"en-US\",\"potentialAction\":[{\"@type\":\"ReadAction\",\"target\":[\"https:\/\/www.as-hotel.com\/en\/terms-and-conditions\/\"]}]},{\"@type\":\"BreadcrumbList\",\"@id\":\"https:\/\/www.as-hotel.com\/en\/terms-and-conditions\/#breadcrumb\",\"itemListElement\":[{\"@type\":\"ListItem\",\"position\":1,\"name\":\"Accueil\",\"item\":\"https:\/\/www.as-hotel.com\/en\/\"},{\"@type\":\"ListItem\",\"position\":2,\"name\":\"Terms and conditions\"}]},{\"@type\":\"WebSite\",\"@id\":\"https:\/\/www.as-hotel.com\/#website\",\"url\":\"https:\/\/www.as-hotel.com\/\",\"name\":\"As Hotel Orleans. Artenay.\",\"description\":\"\",\"potentialAction\":[{\"@type\":\"SearchAction\",\"target\":{\"@type\":\"EntryPoint\",\"urlTemplate\":\"https:\/\/www.as-hotel.com\/?s={search_term_string}\"},\"query-input\":{\"@type\":\"PropertyValueSpecification\",\"valueRequired\":true,\"valueName\":\"search_term_string\"}}],\"inLanguage\":\"en-US\"}]}<\/script>\n<!-- \/ Yoast SEO plugin. -->","yoast_head_json":{"title":"Terms and conditions - As Hotel Orleans. Artenay.","robots":{"index":"index","follow":"follow","max-snippet":"max-snippet:-1","max-image-preview":"max-image-preview:large","max-video-preview":"max-video-preview:-1"},"canonical":"https:\/\/www.as-hotel.com\/en\/terms-and-conditions\/","og_locale":"en_US","og_type":"article","og_title":"Terms and conditions - As Hotel Orleans. Artenay.","og_description":"Traduction a venir Conditions g\u00e9n\u00e9rales &nbsp; Conditions de r\u00e9servations &nbsp; &nbsp; &nbsp; Conditions d\u2019annulations &nbsp;","og_url":"https:\/\/www.as-hotel.com\/en\/terms-and-conditions\/","og_site_name":"As Hotel Orleans. Artenay.","article_modified_time":"2016-06-29T08:58:26+00:00","twitter_card":"summary_large_image","twitter_misc":{"Est. reading time":"1 minute"},"schema":{"@context":"https:\/\/schema.org","@graph":[{"@type":"WebPage","@id":"https:\/\/www.as-hotel.com\/en\/terms-and-conditions\/","url":"https:\/\/www.as-hotel.com\/en\/terms-and-conditions\/","name":"Terms and conditions - As Hotel Orleans. Artenay.","isPartOf":{"@id":"https:\/\/www.as-hotel.com\/#website"},"datePublished":"2016-06-14T13:57:11+00:00","dateModified":"2016-06-29T08:58:26+00:00","breadcrumb":{"@id":"https:\/\/www.as-hotel.com\/en\/terms-and-conditions\/#breadcrumb"},"inLanguage":"en-US","potentialAction":[{"@type":"ReadAction","target":["https:\/\/www.as-hotel.com\/en\/terms-and-conditions\/"]}]},{"@type":"BreadcrumbList","@id":"https:\/\/www.as-hotel.com\/en\/terms-and-conditions\/#breadcrumb","itemListElement":[{"@type":"ListItem","position":1,"name":"Accueil","item":"https:\/\/www.as-hotel.com\/en\/"},{"@type":"ListItem","position":2,"name":"Terms and conditions"}]},{"@type":"WebSite","@id":"https:\/\/www.as-hotel.com\/#website","url":"https:\/\/www.as-hotel.com\/","name":"As Hotel Orleans. Artenay.","description":"","potentialAction":[{"@type":"SearchAction","target":{"@type":"EntryPoint","urlTemplate":"https:\/\/www.as-hotel.com\/?s={search_term_string}"},"query-input":{"@type":"PropertyValueSpecification","valueRequired":true,"valueName":"search_term_string"}}],"inLanguage":"en-US"}]}},"_links":{"self":[{"href":"https:\/\/www.as-hotel.com\/en\/wp-json\/wp\/v2\/pages\/1072","targetHints":{"allow":["GET"]}}],"collection":[{"href":"https:\/\/www.as-hotel.com\/en\/wp-json\/wp\/v2\/pages"}],"about":[{"href":"https:\/\/www.as-hotel.com\/en\/wp-json\/wp\/v2\/types\/page"}],"author":[{"embeddable":true,"href":"https:\/\/www.as-hotel.com\/en\/wp-json\/wp\/v2\/users\/2"}],"replies":[{"embeddable":true,"href":"https:\/\/www.as-hotel.com\/en\/wp-json\/wp\/v2\/comments?post=1072"}],"version-history":[{"count":1,"href":"https:\/\/www.as-hotel.com\/en\/wp-json\/wp\/v2\/pages\/1072\/revisions"}],"predecessor-version":[{"id":1073,"href":"https:\/\/www.as-hotel.com\/en\/wp-json\/wp\/v2\/pages\/1072\/revisions\/1073"}],"wp:attachment":[{"href":"https:\/\/www.as-hotel.com\/en\/wp-json\/wp\/v2\/media?parent=1072"}],"curies":[{"name":"wp","href":"https:\/\/api.w.org\/{rel}","templated":true}]}}