{"id":1070,"date":"2016-06-14T13:28:26","date_gmt":"2016-06-14T12:28:26","guid":{"rendered":"https:\/\/www.as-hotel.com\/en\/aux-alentours\/"},"modified":"2016-10-19T15:23:40","modified_gmt":"2016-10-19T14:23:40","slug":"tourism","status":"publish","type":"page","link":"https:\/\/www.as-hotel.com\/en\/tourism\/","title":{"rendered":"Tourism"},"content":{"rendered":"\r\n            \r\n            \r\n            \r\n            <a name='map2'><\/a>\r\n            \r\n            \r\n            \r\n            \r\n            <div class=\"wpgmza_map \"  id=\"wpgmza_map_2\" style=\"display:block; overflow:auto; width:100%; height:400px; float:left;\" data-settings='{\"id\":\"2\",\"map_title\":\"Aux alentours\",\"map_width\":\"100\",\"map_height\":\"400\",\"map_start_lat\":\"48.697200\",\"map_start_lng\":\"2.205345\",\"map_start_location\":\"48.697199975864194,2.2053450156249665\",\"map_start_zoom\":\"8\",\"default_marker\":\"0\",\"type\":\"1\",\"alignment\":\"2\",\"directions_enabled\":\"0\",\"styling_enabled\":\"0\",\"styling_json\":\"\",\"active\":\"0\",\"kml\":\"\",\"bicycle\":\"0\",\"traffic\":\"0\",\"dbox\":\"1\",\"dbox_width\":\"500\",\"listmarkers\":\"0\",\"listmarkers_advanced\":\"0\",\"filterbycat\":\"0\",\"ugm_enabled\":\"0\",\"ugm_category_enabled\":\"0\",\"fusion\":\"\",\"map_width_type\":\"\\\\%\",\"map_height_type\":\"px\",\"mass_marker_support\":\"0\",\"ugm_access\":\"0\",\"order_markers_by\":\"1\",\"order_markers_choice\":\"2\",\"show_user_location\":\"2\",\"default_to\":\"\",\"other_settings\":{\"store_locator_enabled\":2,\"wpgmza_store_locator_restrict\":\"\",\"store_locator_distance\":2,\"store_locator_bounce\":1,\"store_locator_hide_before_search\":2,\"store_locator_use_their_location\":2,\"store_locator_name_search\":2,\"store_locator_category\":2,\"store_locator_query_string\":\"Code Postal \\\/ Adresse\",\"store_locator_name_string\":\"Titre \\\/ Description\",\"wpgmza_dbox_width_type\":\"px\",\"map_max_zoom\":\"3\",\"sl_stroke_color\":\"FF0000\",\"sl_stroke_opacity\":\"0.25\",\"sl_fill_color\":\"FF0000\",\"sl_fill_opacity\":\"0.15\",\"click_open_link\":2,\"transport_layer\":0,\"wpgmza_iw_type\":\"\",\"list_markers_by\":\"0\",\"push_in_map\":\"\",\"push_in_map_placement\":\"9\",\"wpgmza_push_in_map_width\":\"\",\"wpgmza_push_in_map_height\":\"\",\"wpgmza_theme_data\":\"\",\"shortcodeAttributes\":{\"id\":\"2\"}}}' data-map-id='2' data-shortcode-attributes='{\"id\":\"2\"}'> <\/div>\r\n            \r\n               \r\n        \n&nbsp;<br \/>\n<div class=\"two_third\">\n<div style=\"background-color:#D64D5E; color:#ffffff; padding: 10px;\"><strong>AROUND<\/strong><\/div>\n<p>&nbsp;<br \/>\n<div class=\"one_fourth\">\n<img loading=\"lazy\" decoding=\"async\" class=\"aligncenter size-full wp-image-170\" src=\"https:\/\/www.as-hotel.com\/wp-content\/uploads\/2016\/10\/orleans.jpg\" alt=\"Orl\u00e9ans\" width=\"799\" height=\"533\" \/><\/p>\n<p style=\"text-align: center;\">Orl\u00e9ans<br \/>\n(25km)<\/p>\n<\/div>\n<div class=\"one_fourth\">\n<a href=\"https:\/\/www.futuroscope.com\/\" target=\"_blank\"><img loading=\"lazy\" decoding=\"async\" src=\"https:\/\/www.as-hotel.com\/wp-content\/uploads\/2016\/10\/futuroscope-01.jpg\" alt=\"Futuroscope\" width=\"799\" height=\"533\" class=\"aligncenter size-full wp-image-1305\" \/><\/a><\/p>\n<p style=\"text-align: center;\">Futuroscope<br \/>\n(206km &#8211; 2h00)<\/p>\n<\/div>\n<div class=\"one_fourth\">\n<a href=\"http:\/\/www.disneylandparis.fr\/\" target=\"_blank\"><img loading=\"lazy\" decoding=\"async\" class=\"aligncenter size-full wp-image-181\" src=\"https:\/\/www.as-hotel.com\/wp-content\/uploads\/2016\/10\/disneyland-1.jpg\" alt=\"Disneyland\" width=\"799\" height=\"533\" \/><\/a><\/p>\n<p style=\"text-align: center;\">Disneyland<br \/>\n(145km &#8211; 1h30)<\/p>\n<\/div>\n<div class=\"one_fourth last_column\">\n<a href=\"https:\/\/www.parcasterix.fr\/\" target=\"_blank\"><img loading=\"lazy\" decoding=\"async\" class=\"aligncenter size-full wp-image-182\" src=\"https:\/\/www.as-hotel.com\/wp-content\/uploads\/2016\/10\/asterix-1.jpg\" alt=\"Asterix\" width=\"799\" height=\"533\" \/><\/a><\/p>\n<p style=\"text-align: center;\">Ast\u00e9rix<br \/>\n(147km &#8211; 1h30)<\/p>\n<\/div>\n<div class=\"clear\"><\/div>\n<p>&nbsp;<br \/>\n<div class=\"one_fourth\">\n<a href=\"http:\/\/www.merdesable.fr\/\" target=\"_blank\"><img loading=\"lazy\" decoding=\"async\" class=\"aligncenter size-full wp-image-187\" src=\"https:\/\/www.as-hotel.com\/wp-content\/uploads\/2016\/10\/La-Mer-de-Sable.jpg\" alt=\"La Mer de Sable\" width=\"799\" height=\"533\" \/><\/a><\/p>\n<p style=\"text-align: center;\">La Mer de Sable<br \/>\n(150km &#8211; 2h00)<\/p>\n<\/div>\n<div class=\"one_fourth\">\n<a href=\"http:\/\/www.franceminiature.fr\/\" target=\"_blank\"><img loading=\"lazy\" decoding=\"async\" class=\"aligncenter size-full wp-image-185\" src=\"https:\/\/www.as-hotel.com\/wp-content\/uploads\/2016\/10\/France-Miniature.jpg\" alt=\"France Miniature\" width=\"799\" height=\"533\" \/><\/a><\/p>\n<p style=\"text-align: center;\">France Miniature<br \/>\n(90km &#8211; 1h15)<\/p>\n<\/div>\n<div class=\"one_fourth\">\n<a href=\"https:\/\/www.thoiry.net\/fr\" target=\"_blank\"><img loading=\"lazy\" decoding=\"async\" class=\"aligncenter size-full wp-image-189\" src=\"https:\/\/www.as-hotel.com\/wp-content\/uploads\/2016\/10\/zoo-de-thoiry.jpg\" alt=\"Zoo de Thoiry\" width=\"799\" height=\"533\" \/><\/a><\/p>\n<p style=\"text-align: center;\">Zoo de Thoiry<br \/>\n(100km &#8211; 1h30)<\/p>\n<\/div>\n<div class=\"one_fourth last_column\">\n<a href=\"http:\/\/www.parisinfo.com\/\" target=\"_blank\"><img loading=\"lazy\" decoding=\"async\" src=\"https:\/\/www.as-hotel.com\/wp-content\/uploads\/2016\/10\/moulin.jpg\" alt=\"Paris\" width=\"799\" height=\"533\" class=\"aligncenter size-full wp-image-644\" \/><\/a><\/p>\n<p style=\"text-align: center;\">Paris<br \/>\n(133km &#8211; 1h39)<\/p>\n<\/div>\n<div class=\"clear\"><\/div>\n<div style=\"background-color:#D64D5E; color:#ffffff; padding: 10px;\"><strong>DISCOVER<\/strong><\/div>\n<p>&nbsp;<br \/>\n<div class=\"one_fourth\">\n<a href=\"http:\/\/www.le-jardin-des-4-saisons.com\/le-jardin-entr%C3%A9e-gratuite\/\" target=\"_blank\"><img loading=\"lazy\" decoding=\"async\" class=\"aligncenter size-full wp-image-139\" src=\"https:\/\/www.as-hotel.com\/wp-content\/uploads\/2016\/06\/jardin-des-4-saisions.jpg\" alt=\"Les Jardins des 4 saisons\" width=\"250\" height=\"213\" \/><\/a><\/p>\n<p style=\"text-align: center;\">Les Jardins des<br \/>\n 4 saisons<br \/>\n(7 min)\n<\/p>\n<\/div>\n<div class=\"one_fourth\">\n<a href=\"http:\/\/www.chateauchamerolles.fr\/\" target=\"_blank\"><img loading=\"lazy\" decoding=\"async\" class=\"aligncenter size-full wp-image-145\" src=\"https:\/\/www.as-hotel.com\/wp-content\/uploads\/2016\/06\/Ch\u00e2teau-de-Chamerolles.jpg\" alt=\"Ch\u00e2teau de Chamerolles\" width=\"250\" height=\"213\" \/><\/a><\/p>\n<p style=\"text-align: center;\">Ch\u00e2teau de Chamerolles<br \/>\n(20 min)<\/p>\n<\/div>\n<div class=\"one_fourth\">\n<a href=\"http:\/\/rosemai.canalblog.com\/albums\/le_jardin_de_rosesanciennes_d_andre_eve_____pithiviers_\/index.html\" target=\"_blank\"><img loading=\"lazy\" decoding=\"async\" class=\"aligncenter size-full wp-image-158\" src=\"https:\/\/www.as-hotel.com\/wp-content\/uploads\/2016\/06\/Roseraie-dAndre-Eve.jpg\" alt=\"Roseraie d'Andr\u00e9 Eve\" width=\"250\" height=\"213\" \/><\/a><\/p>\n<p style=\"text-align: center;\">Roseraie<br \/>\nd&#8217;Andr\u00e9 Eve<br \/>\n(20 min)<\/p>\n<\/div>\n<div class=\"one_fourth last_column\">\n<a href=\"http:\/\/www.parcfloraldelasource.com\/\" target=\"_blank\"><img loading=\"lazy\" decoding=\"async\" class=\"aligncenter size-full wp-image-148\" src=\"https:\/\/www.as-hotel.com\/wp-content\/uploads\/2016\/06\/Parc-Floral-de-la-Sources.jpg\" alt=\"Parc Floral de la Sources\" width=\"250\" height=\"213\" \/><\/a><\/p>\n<p style=\"text-align: center;\">Parc Floral de la Sources<br \/>\n(35 min)<\/p>\n<\/div>\n<div class=\"clear\"><\/div>\n<div class=\"one_fourth\">\n<a href=\"http:\/\/amtp-pithiviers.wifeo.com\/\" target=\"_blank\"><img loading=\"lazy\" decoding=\"async\" class=\"aligncenter size-full wp-image-153\" src=\"https:\/\/www.as-hotel.com\/wp-content\/uploads\/2016\/08\/pithiviers.png\" alt=\"Mus\u00e9e du chemin de fer\" width=\"250\" height=\"213\" \/><\/a><\/p>\n<p style=\"text-align: center;\">Mus\u00e9e du chemin de fer \u00e0 Pithiviers<br \/>\n(30 min)<\/p>\n<\/div>\n<div class=\"one_fourth\">\n<a href=\"http:\/\/musee.loury.free.fr\/FR\/\" target=\"_blank\"><img loading=\"lazy\" decoding=\"async\" class=\"aligncenter size-full wp-image-153\" src=\"https:\/\/www.as-hotel.com\/wp-content\/uploads\/2016\/06\/Mus\u00e9e-du-chemin-de-fer.jpg\" alt=\"Mus\u00e9e des M\u00e9tiers\" width=\"250\" height=\"213\" \/><\/a><\/p>\n<p style=\"text-align: center;\">Mus\u00e9e des M\u00e9tiers \u00e0 Loury<br \/>\n(30 min)<\/p>\n<\/div>\n<div class=\"one_fourth\">\n<a href=\"http:\/\/www.orleans-agglo.fr\/330\/le-musee-des-beaux-arts.htm?cHash=\" target=\"_blank\"><img loading=\"lazy\" decoding=\"async\" class=\"aligncenter size-large wp-image-151\" src=\"https:\/\/www.as-hotel.com\/wp-content\/uploads\/2016\/06\/Mus\u00e9e-des-Beaux-Arts.jpg\" alt=\"Mus\u00e9e des Beaux Arts\" width=\"250\" height=\"213\" \/><\/a><\/p>\n<p style=\"text-align: center;\">Mus\u00e9e des Beaux Arts \u00e0 Orl\u00e9ans<br \/>\n(20 min)<\/p>\n<\/div>\n<div class=\"one_fourth last_column\">\n<a href=\"http:\/\/www.jeannedarc.com.fr\/maison\/maison.htm\" target=\"_blank\"><img loading=\"lazy\" decoding=\"async\" class=\"aligncenter size-full wp-image-150\" src=\"https:\/\/www.as-hotel.com\/wp-content\/uploads\/2016\/06\/Maison-de-Jeanne-dArc.jpg\" alt=\"Maison de Jeanne d'Arc\" width=\"250\" height=\"213\" \/><\/a><\/p>\n<p style=\"text-align: center;\">Maison de Jeanne d&#8217;Arc \u00e0 Orl\u00e9ans<br \/>\n(20 min)<\/p>\n<\/div>\n<div class=\"clear\"><\/div>\n<div class=\"one_fourth\">\n<a href=\"http:\/\/www.askangerville.fr\/\" target=\"_blank\"><img loading=\"lazy\" decoding=\"async\" src=\"https:\/\/www.as-hotel.com\/wp-content\/uploads\/2016\/06\/karting.png\" alt=\"Piste de karting \u00e0 Angerville\" width=\"250\" height=\"213\" class=\"aligncenter size-full wp-image-1309\" \/><\/a><\/p>\n<p style=\"text-align: center;\">Piste de karting \u00e0 Angerville<br \/>\n(30 min)<\/p>\n<\/div>\n<div class=\"one_fourth\">\n<a href=\"http:\/\/www.lamaisondelabeauce.com\/\" target=\"_blank\"><img loading=\"lazy\" decoding=\"async\" class=\"aligncenter size-full wp-image-146\" src=\"https:\/\/www.as-hotel.com\/wp-content\/uploads\/2016\/06\/Maison-de-la-Beauce.jpg\" alt=\"Maison de la Beauce\" width=\"250\" height=\"213\" \/><\/a><\/p>\n<p style=\"text-align: center;\">Maison de<br \/>\nla Beauce<br \/>\n(20 min)<\/p>\n<\/div>\n<div class=\"one_fourth\">\n<img loading=\"lazy\" decoding=\"async\" src=\"https:\/\/www.as-hotel.com\/wp-content\/uploads\/2016\/08\/chartres-cathedrale.jpg\" alt=\"chartres\" width=\"250\" height=\"213\" class=\"aligncenter size-full wp-image-1309\" \/><\/p>\n<p style=\"text-align: center;\">Cath\u00e9drale Notre-Dame de Chartres<br \/>\n(50km)<\/p>\n<\/div>\n<div class=\"one_fourth last_column\">\n<a href=\"http:\/\/www.musee-theatre-forain.fr\/\" target=\"_blank\"><img loading=\"lazy\" decoding=\"async\" src=\"https:\/\/www.as-hotel.com\/wp-content\/uploads\/2016\/06\/musee-forain.png\" alt=\"Mus\u00e9e Forain \u00e0 Artenay \" width=\"250\" height=\"213\" class=\"aligncenter size-full wp-image-1309\" \/><\/a><\/p>\n<p style=\"text-align: center;\">Mus\u00e9e Forain \u00e0 Artenay<br \/>\n(5 min)<\/p>\n<\/div>\n<\/div>\n<div class=\"one_third last_column\">\n<div style=\"background-color:#1c1c1c; color:#ffffff; padding: 20px;\">\n<div style=\"background-color:#D64D5E; color:#ffffff; padding: 10px;\"><strong>IN ARTENAY<\/strong><\/div>\n<p>&nbsp;<br \/>\n<a href=\"http:\/\/www.musee-theatre-forain.fr\/\" target=\"_blank\"><img loading=\"lazy\" decoding=\"async\" src=\"https:\/\/www.as-hotel.com\/wp-content\/uploads\/2016\/06\/11990620_1095411893822712_2317809864722366298_n.jpg\" alt=\"Mus\u00e9e du Th\u00e9\u00e2tre Forain\" width=\"160\" height=\"160\" class=\"aligncenter size-full wp-image-1440\" srcset=\"https:\/\/www.as-hotel.com\/wp-content\/uploads\/2016\/06\/11990620_1095411893822712_2317809864722366298_n.jpg 160w, https:\/\/www.as-hotel.com\/wp-content\/uploads\/2016\/06\/11990620_1095411893822712_2317809864722366298_n-150x150.jpg 150w\" sizes=\"auto, (max-width: 160px) 100vw, 160px\" \/><\/a><\/p>\n<h5 style=\"text-align: center;\">Mus\u00e9e du Th\u00e9\u00e2tre Forain<\/h5>\n<p style=\"text-align: center;\">Quartier du Paradis, 45410 Artenay<br \/>\n<strong>5 min <\/strong><\/p>\n<p>&nbsp;<\/p>\n<hr>\n<p><a href=\"http:\/\/www.moulins-a-vent.net\/Moulins\/artenay.htm\" target=\"_blank\"><img loading=\"lazy\" decoding=\"async\" class=\"aligncenter size-full wp-image-174\" src=\"https:\/\/www.as-hotel.com\/wp-content\/uploads\/2016\/06\/moulin.jpg\" alt=\"Moulin de Pierre\" width=\"799\" height=\"533\" \/><br \/>\n<\/a><\/p>\n<h5 style=\"text-align: center;\">Moulin de Pierre<\/h5>\n<p style=\"text-align: center;\">500 m<\/strong><\/p>\n<p>&nbsp;<\/p>\n<hr>\n<p><a href=\"http:\/\/www.chemin-compostelle.info\/\"><img loading=\"lazy\" decoding=\"async\" src=\"https:\/\/www.as-hotel.com\/wp-content\/uploads\/2016\/06\/823712.jpg\" alt=\"Saint Jacques de Compostelle\" width=\"250\" height=\"340\" class=\"aligncenter size-full wp-image-1443\" srcset=\"https:\/\/www.as-hotel.com\/wp-content\/uploads\/2016\/06\/823712.jpg 250w, https:\/\/www.as-hotel.com\/wp-content\/uploads\/2016\/06\/823712-221x300.jpg 221w\" sizes=\"auto, (max-width: 250px) 100vw, 250px\" \/><\/a><\/p>\n<h5 style=\"text-align: center;\">Ville d&#8217;\u00e9tape<\/h5>\n<p style=\"text-align: center;\"><a href=\"http:\/\/www.lescheminsdecompostelle.fr\/\" target=\"_blank\">Saint Jacques de Compostelle<\/a><\/p>\n<p style=\"text-align: center;\">ANGERVILLE &#8211; ARTENAY 30.5km<\/strong><\/p>\n<p>&nbsp;<\/p>\n<hr>\n<\/div>\n<\/div>\n","protected":false},"excerpt":{"rendered":"<p>&nbsp;<\/p>\n","protected":false},"author":2,"featured_media":0,"parent":0,"menu_order":0,"comment_status":"closed","ping_status":"closed","template":"page-FullWidth.php","meta":{"footnotes":""},"class_list":["post-1070","page","type-page","status-publish","hentry"],"yoast_head":"<!-- This site is optimized with the Yoast SEO plugin v26.8 - https:\/\/yoast.com\/product\/yoast-seo-wordpress\/ -->\n<title>Tourism - As Hotel Orleans. Artenay.<\/title>\n<meta name=\"robots\" content=\"index, follow, max-snippet:-1, max-image-preview:large, max-video-preview:-1\" \/>\n<link rel=\"canonical\" href=\"https:\/\/www.as-hotel.com\/en\/tourism\/\" \/>\n<meta property=\"og:locale\" content=\"en_US\" \/>\n<meta property=\"og:type\" content=\"article\" \/>\n<meta property=\"og:title\" content=\"Tourism - As Hotel Orleans. Artenay.\" \/>\n<meta property=\"og:description\" content=\"&nbsp;\" \/>\n<meta property=\"og:url\" content=\"https:\/\/www.as-hotel.com\/en\/tourism\/\" \/>\n<meta property=\"og:site_name\" content=\"As Hotel Orleans. Artenay.\" \/>\n<meta property=\"article:modified_time\" content=\"2016-10-19T14:23:40+00:00\" \/>\n<meta property=\"og:image\" content=\"https:\/\/www.as-hotel.com\/wp-content\/uploads\/2016\/10\/orleans.jpg\" \/>\n<meta name=\"twitter:card\" content=\"summary_large_image\" \/>\n<meta name=\"twitter:label1\" content=\"Est. reading time\" \/>\n\t<meta name=\"twitter:data1\" content=\"1 minute\" \/>\n<script type=\"application\/ld+json\" class=\"yoast-schema-graph\">{\"@context\":\"https:\/\/schema.org\",\"@graph\":[{\"@type\":\"WebPage\",\"@id\":\"https:\/\/www.as-hotel.com\/en\/tourism\/\",\"url\":\"https:\/\/www.as-hotel.com\/en\/tourism\/\",\"name\":\"Tourism - As Hotel Orleans. Artenay.\",\"isPartOf\":{\"@id\":\"https:\/\/www.as-hotel.com\/#website\"},\"primaryImageOfPage\":{\"@id\":\"https:\/\/www.as-hotel.com\/en\/tourism\/#primaryimage\"},\"image\":{\"@id\":\"https:\/\/www.as-hotel.com\/en\/tourism\/#primaryimage\"},\"thumbnailUrl\":\"https:\/\/www.as-hotel.com\/wp-content\/uploads\/2016\/10\/orleans.jpg\",\"datePublished\":\"2016-06-14T12:28:26+00:00\",\"dateModified\":\"2016-10-19T14:23:40+00:00\",\"breadcrumb\":{\"@id\":\"https:\/\/www.as-hotel.com\/en\/tourism\/#breadcrumb\"},\"inLanguage\":\"en-US\",\"potentialAction\":[{\"@type\":\"ReadAction\",\"target\":[\"https:\/\/www.as-hotel.com\/en\/tourism\/\"]}]},{\"@type\":\"ImageObject\",\"inLanguage\":\"en-US\",\"@id\":\"https:\/\/www.as-hotel.com\/en\/tourism\/#primaryimage\",\"url\":\"https:\/\/www.as-hotel.com\/wp-content\/uploads\/2016\/10\/orleans.jpg\",\"contentUrl\":\"https:\/\/www.as-hotel.com\/wp-content\/uploads\/2016\/10\/orleans.jpg\"},{\"@type\":\"BreadcrumbList\",\"@id\":\"https:\/\/www.as-hotel.com\/en\/tourism\/#breadcrumb\",\"itemListElement\":[{\"@type\":\"ListItem\",\"position\":1,\"name\":\"Accueil\",\"item\":\"https:\/\/www.as-hotel.com\/en\/\"},{\"@type\":\"ListItem\",\"position\":2,\"name\":\"Tourism\"}]},{\"@type\":\"WebSite\",\"@id\":\"https:\/\/www.as-hotel.com\/#website\",\"url\":\"https:\/\/www.as-hotel.com\/\",\"name\":\"As Hotel Orleans. Artenay.\",\"description\":\"\",\"potentialAction\":[{\"@type\":\"SearchAction\",\"target\":{\"@type\":\"EntryPoint\",\"urlTemplate\":\"https:\/\/www.as-hotel.com\/?s={search_term_string}\"},\"query-input\":{\"@type\":\"PropertyValueSpecification\",\"valueRequired\":true,\"valueName\":\"search_term_string\"}}],\"inLanguage\":\"en-US\"}]}<\/script>\n<!-- \/ Yoast SEO plugin. -->","yoast_head_json":{"title":"Tourism - As Hotel Orleans. Artenay.","robots":{"index":"index","follow":"follow","max-snippet":"max-snippet:-1","max-image-preview":"max-image-preview:large","max-video-preview":"max-video-preview:-1"},"canonical":"https:\/\/www.as-hotel.com\/en\/tourism\/","og_locale":"en_US","og_type":"article","og_title":"Tourism - As Hotel Orleans. Artenay.","og_description":"&nbsp;","og_url":"https:\/\/www.as-hotel.com\/en\/tourism\/","og_site_name":"As Hotel Orleans. Artenay.","article_modified_time":"2016-10-19T14:23:40+00:00","og_image":[{"url":"https:\/\/www.as-hotel.com\/wp-content\/uploads\/2016\/10\/orleans.jpg","type":"","width":"","height":""}],"twitter_card":"summary_large_image","twitter_misc":{"Est. reading time":"1 minute"},"schema":{"@context":"https:\/\/schema.org","@graph":[{"@type":"WebPage","@id":"https:\/\/www.as-hotel.com\/en\/tourism\/","url":"https:\/\/www.as-hotel.com\/en\/tourism\/","name":"Tourism - As Hotel Orleans. Artenay.","isPartOf":{"@id":"https:\/\/www.as-hotel.com\/#website"},"primaryImageOfPage":{"@id":"https:\/\/www.as-hotel.com\/en\/tourism\/#primaryimage"},"image":{"@id":"https:\/\/www.as-hotel.com\/en\/tourism\/#primaryimage"},"thumbnailUrl":"https:\/\/www.as-hotel.com\/wp-content\/uploads\/2016\/10\/orleans.jpg","datePublished":"2016-06-14T12:28:26+00:00","dateModified":"2016-10-19T14:23:40+00:00","breadcrumb":{"@id":"https:\/\/www.as-hotel.com\/en\/tourism\/#breadcrumb"},"inLanguage":"en-US","potentialAction":[{"@type":"ReadAction","target":["https:\/\/www.as-hotel.com\/en\/tourism\/"]}]},{"@type":"ImageObject","inLanguage":"en-US","@id":"https:\/\/www.as-hotel.com\/en\/tourism\/#primaryimage","url":"https:\/\/www.as-hotel.com\/wp-content\/uploads\/2016\/10\/orleans.jpg","contentUrl":"https:\/\/www.as-hotel.com\/wp-content\/uploads\/2016\/10\/orleans.jpg"},{"@type":"BreadcrumbList","@id":"https:\/\/www.as-hotel.com\/en\/tourism\/#breadcrumb","itemListElement":[{"@type":"ListItem","position":1,"name":"Accueil","item":"https:\/\/www.as-hotel.com\/en\/"},{"@type":"ListItem","position":2,"name":"Tourism"}]},{"@type":"WebSite","@id":"https:\/\/www.as-hotel.com\/#website","url":"https:\/\/www.as-hotel.com\/","name":"As Hotel Orleans. Artenay.","description":"","potentialAction":[{"@type":"SearchAction","target":{"@type":"EntryPoint","urlTemplate":"https:\/\/www.as-hotel.com\/?s={search_term_string}"},"query-input":{"@type":"PropertyValueSpecification","valueRequired":true,"valueName":"search_term_string"}}],"inLanguage":"en-US"}]}},"_links":{"self":[{"href":"https:\/\/www.as-hotel.com\/en\/wp-json\/wp\/v2\/pages\/1070","targetHints":{"allow":["GET"]}}],"collection":[{"href":"https:\/\/www.as-hotel.com\/en\/wp-json\/wp\/v2\/pages"}],"about":[{"href":"https:\/\/www.as-hotel.com\/en\/wp-json\/wp\/v2\/types\/page"}],"author":[{"embeddable":true,"href":"https:\/\/www.as-hotel.com\/en\/wp-json\/wp\/v2\/users\/2"}],"replies":[{"embeddable":true,"href":"https:\/\/www.as-hotel.com\/en\/wp-json\/wp\/v2\/comments?post=1070"}],"version-history":[{"count":13,"href":"https:\/\/www.as-hotel.com\/en\/wp-json\/wp\/v2\/pages\/1070\/revisions"}],"predecessor-version":[{"id":1558,"href":"https:\/\/www.as-hotel.com\/en\/wp-json\/wp\/v2\/pages\/1070\/revisions\/1558"}],"wp:attachment":[{"href":"https:\/\/www.as-hotel.com\/en\/wp-json\/wp\/v2\/media?parent=1070"}],"curies":[{"name":"wp","href":"https:\/\/api.w.org\/{rel}","templated":true}]}}