{"id":1068,"date":"2016-06-14T09:33:35","date_gmt":"2016-06-14T08:33:35","guid":{"rendered":"https:\/\/www.as-hotel.com\/en\/accueil\/"},"modified":"2025-03-18T11:20:41","modified_gmt":"2025-03-18T10:20:41","slug":"home","status":"publish","type":"page","link":"https:\/\/www.as-hotel.com\/en\/","title":{"rendered":"Home"},"content":{"rendered":"\r\n<div class=\"responsiveHM\">\r\n\r\n\t<div class=\"contact-button-container\">\r\n\t\t<a href=\"https:\/\/reservation.fasthotel.com\/reservit\/reserhotel.php?action=resa&#038;hotelid=253711\" target=\"_blank\" rel=\"noopener\"><button type=\"button\" class=\"booking\">&nbsp;&nbsp;&nbsp;BOOK<\/button><\/a>\r\n\r\n\t\t<a href=\"tel:+33238521414\" ><button type=\"button\" class=\"callus\">&nbsp;&nbsp;&nbsp;CALL<\/button><\/a>\r\n\r\n\t<\/div>\r\n\r\n<\/div>\r\n\r\n\t\t\t<style type=\"text\/css\">\n\t\t\t\t#content-block-background-1518 { background-image: url(#); background-position: center top; background-repeat: repeat-x; background-color: #ffffff; background-attachment: fixed; background-size: auto; }\n\t\t\t\t#content-block-body-1518 { padding: 10px 0; color: #000000; }\n\t\t\t\t.content-block-body { margin-left: auto; margin-right: auto; position: relative; }\n\t\t\t<\/style>\n\t\t\t\t\t\t\t<style type=\"text\/css\">\n\t\t\t\t\t#wrapper-1 { overflow-x: hidden; }\n\t\t\t\t\t#content-block-background-1518 { margin: 0 -10000px; padding: 0 10000px; }\n\t\t\t\t<\/style>\n\t\t\t\n\t\t\t\t\t\t<script type=\"text\/javascript\">\n\t\t\t\t\/\/ <![CDATA[\n\t\t\t\tjQuery(document).ready(function($){\n\t\t\t\t\t\"use strict\";\n\t\t\t\t\tif( ! $(\"body\").hasClass( \"mobile-detected\" ) ){\n\t\t\t\t\t\t$(\"#content-block-background-\"+1518).each(function(){\n\t\t\t\t\t\t\tvar $bgobj = $(this); \/\/ Assigning the object.\n\t\t\t\t\t\t\tvar xPos = 'center'; \/\/ x bg position value from the user shortcode.\n\t\t\t\t\t\t\t$(window).scroll(function() {\n\t\t\t\t\t\t\t\tvar yPos = -($(window).scrollTop() \/ 3);\n\t\t\t\t\t\t\t\t\/\/ Put together our final background position.\n\t\t\t\t\t\t\t\tvar coords = xPos+' '+yPos+'px';\n\t\t\t\t\t\t\t\t\/\/ Move the background.\n\t\t\t\t\t\t\t\t$bgobj.css({ backgroundPosition: coords });\n\t\t\t\t\t\t\t});\n\t\t\t\t\t\t});\n\t\t\t\t\t}\n\t\t\t\t});\n\t\t\t\t\/\/ ]]>\n\t\t\t<\/script>\n\t\t\t\n\t\t\t<div class=\"clear\"><\/div>\n\t\t\t<div id=\"content-block-background-1518\" class=\"content-block-background class-name\">\n\t\t\t\t<div id=\"content-block-body-1518\" class=\"content-block-body\">\n\t\t\t\t\t<div class=\"clear\"><\/div>\n\t\t\t\t\t\r\n<div class=\"one_third\"><br\/><img loading=\"lazy\" decoding=\"async\" class=\"aligncenter size-full wp-image-796\" src=\"https:\/\/www.as-hotel.com\/wp-content\/uploads\/2016\/06\/fasthotel-chambre.png\" alt=\"Voyagez malin\" width=\"55\" height=\"55\"\/><\/p>\r\n<h3 style=\"text-align: center; margin: 0px;\">Voyagez malin<\/h3>\r\n<p style=\"text-align: center;\">Nous vous accueillons dans l&#8217;un de nos deux h\u00f4tels ou dans nos appartements meubl\u00e9s. D\u00e9couvrez aussi notre restaurant !<\/p>\r\n<\/div><br\/><div class=\"one_third\"><br\/><img loading=\"lazy\" decoding=\"async\" class=\"aligncenter size-full wp-image-803\" src=\"https:\/\/www.as-hotel.com\/wp-content\/uploads\/2016\/06\/meilleur-tarif-garantie.png\" alt=\"Meilleur tarif garanti\" width=\"55\" height=\"55\"\/><\/p>\r\n<h3 style=\"text-align: center; margin: 0px;\">Meilleur tarif garanti<\/h3>\r\n<p style=\"text-align: center;\">En r\u00e9servant en direct<br\/>sur notre site internet, nous vous garantissons les meilleurs tarifs.<\/p>\r\n<\/div><br\/><div class=\"one_third last_column\"><br\/><img loading=\"lazy\" decoding=\"async\" class=\"aligncenter size-full wp-image-802\" src=\"https:\/\/www.as-hotel.com\/wp-content\/uploads\/2016\/06\/24h-24h.png\" alt=\"R\u00e9servation 24h-24h\" width=\"55\" height=\"55\"\/><\/p>\r\n<h3 style=\"text-align: center; margin: 0px;\">24h\/24<\/h3>\r\n<p style=\"text-align: center;\">En dehors des heures d&#8217;ouverture de la r\u00e9ception, une borne automatique vous permet de r\u00e9cup\u00e9rer la cl\u00e9 de votre chambre.<\/p>\r\n<\/div><br\/>\t\t\t\t\t<div class=\"clear\"><\/div>\n\t\t\t\t<\/div>\n\t\t\t<\/div>\n\t\t\t<div class=\"clear\"><\/div>\n\t\t\t\r\n<div style=\"background-color: #1c1c1c;\">\r\n<h1 style=\"text-align: center; color: #ffffff; padding: 5px;\">Bienvenue \u00e0 l&#8217;As H\u00f4tel &#8211; Orl\u00e9ans Nord, Artenay<\/h1>\r\n<\/div>\r\n<div class=\"clear\">\u00a0<\/div>\r\n<div class=\"one_fourth\">\r\n<div class=\"imgaccueil\"><a href=\"https:\/\/www.as-hotel.com\/acces\/\"><img loading=\"lazy\" decoding=\"async\" class=\"aligncenter size-full wp-image-965\" src=\"https:\/\/www.as-hotel.com\/wp-content\/uploads\/2017\/04\/as-hotel-min.jpg\" alt=\"As h\u00f4tel Orl\u00e9ans\" width=\"900\" height=\"596\"\/><\/a><\/div>\r\n<h3 style=\"color: #1c1c1c;\">Acc\u00e8s rapide \u00e0 l&#8217;h\u00f4tel<\/h3>\r\n<p>La r\u00e9ception est ouverte de 6h30 \u00e0 23h00 tous les jours. Pour acc\u00e9der \u00e0 l\u2019h\u00f4tel, prenez la sortie n\u00b013 de l\u2019autoroute A 10 et A19 \u00e0 Artenay. <strong>Parking ferm\u00e9 et gratuit.<\/strong><\/p>\r\n<\/div>\r\n<div class=\"one_fourth\">\r\n<div class=\"imgaccueil\"><a href=\"https:\/\/www.as-hotel.com\/tarifs\/\"><img loading=\"lazy\" decoding=\"async\" class=\"aligncenter size-full wp-image-962\" src=\"https:\/\/www.as-hotel.com\/wp-content\/uploads\/2017\/04\/as-hotel-02-min.jpg\" alt=\"As h\u00f4tel Orl\u00e9ans - Chambres\" width=\"900\" height=\"596\"\/><\/a><\/div>\r\n<h3 style=\"color: #1c1c1c;\">34 chambres<\/h3>\r\n<p>Chambre tout confort de cat\u00e9gorie <strong>3 \u00e9toiles<\/strong>, insonoris\u00e9es et \u00e9quip\u00e9es d\u2019une literie 3 \u00e9toiles avec housse de couette.<br\/><span style=\"background-color: #d64d5e; padding: 5px; color: #ffffff;\"><strong>Acc\u00e8s wifi GRATUIT<\/strong><\/span><br\/><\/div>\r\n<div class=\"one_fourth\">\r\n<div class=\"imgaccueil\"><a href=\"https:\/\/www.as-hotel.com\/wp-content\/uploads\/2021\/11\/Terasse-Restau-4.jpg\" rel=\"wp-prettyPhoto[1068]\"><img loading=\"lazy\" decoding=\"async\" class=\"wp-image-1765 size-full aligncenter\" src=\"https:\/\/www.as-hotel.com\/wp-content\/uploads\/2021\/11\/Terasse-Restau-4.jpg\" alt=\"\" width=\"770\" height=\"521\" srcset=\"https:\/\/www.as-hotel.com\/wp-content\/uploads\/2021\/11\/Terasse-Restau-4.jpg 770w, https:\/\/www.as-hotel.com\/wp-content\/uploads\/2021\/11\/Terasse-Restau-4-300x203.jpg 300w, https:\/\/www.as-hotel.com\/wp-content\/uploads\/2021\/11\/Terasse-Restau-4-768x520.jpg 768w\" sizes=\"auto, (max-width: 770px) 100vw, 770px\" \/><\/a><\/div>\r\n<h3 style=\"color: #1c1c1c;\">Le restaurant<\/h3>\r\n<p>Profitez des services du <strong>restaurant le Pique Assiette<\/strong> :<br\/>\u00e0 la carte : buffet, pizza, <strong>burger maison<\/strong>.<br\/>Bar, terrasse, jeux d\u2019enfants\u2026<br\/><\/div><br\/><div class=\"one_fourth last_column\">\r\n<div class=\"imgaccueil\"><a href=\"https:\/\/www.as-hotel.com\/aux-alentours\/\"><img loading=\"lazy\" decoding=\"async\" class=\"aligncenter size-full wp-image-963\" src=\"https:\/\/www.as-hotel.com\/wp-content\/uploads\/2017\/04\/disneyland-min.jpg\" alt=\"Disneyland\" width=\"900\" height=\"596\"\/><\/a><\/div>\r\n<h3 style=\"color: #1c1c1c;\">Aux alentours<\/h3>\r\n<p>A seulement <strong>1h de Paris<\/strong>, nos \u00e9tablissements vous offrent calme et s\u00e9curit\u00e9 pour une halte avant une journ\u00e9e dans l\u2019un des parcs d\u2019attractions de la r\u00e9gion Parisienne\u2026<br\/><\/div>\r\n","protected":false},"excerpt":{"rendered":"<p>&nbsp;&nbsp;&nbsp;BOOK &nbsp;&nbsp;&nbsp;CALL Bienvenue \u00e0 l&#8217;As H\u00f4tel &#8211; Orl\u00e9ans Nord, Artenay \u00a0<\/p>\n","protected":false},"author":1,"featured_media":0,"parent":0,"menu_order":0,"comment_status":"closed","ping_status":"closed","template":"page-FullWidth.php","meta":{"footnotes":""},"class_list":["post-1068","page","type-page","status-publish","hentry"],"yoast_head":"<!-- This site is optimized with the Yoast SEO plugin v26.8 - https:\/\/yoast.com\/product\/yoast-seo-wordpress\/ -->\n<title>As Hotel Orl\u00e9ans. Artenay. OFFICIAL SITE<\/title>\n<meta name=\"description\" content=\"As Hotel is a 3 star hotel with restaurant in Artenay , north of Orleans close to the highway Paris \/ Orleans.\" \/>\n<meta name=\"robots\" content=\"index, follow, max-snippet:-1, max-image-preview:large, max-video-preview:-1\" \/>\n<link rel=\"canonical\" href=\"https:\/\/www.as-hotel.com\/en\/\" \/>\n<meta property=\"og:locale\" content=\"en_US\" \/>\n<meta property=\"og:type\" content=\"article\" \/>\n<meta property=\"og:title\" content=\"As Hotel Orl\u00e9ans. Artenay. OFFICIAL SITE\" \/>\n<meta property=\"og:description\" content=\"As Hotel is a 3 star hotel with restaurant in Artenay , north of Orleans close to the highway Paris \/ Orleans.\" \/>\n<meta property=\"og:url\" content=\"https:\/\/www.as-hotel.com\/en\/\" \/>\n<meta property=\"og:site_name\" content=\"As Hotel Orleans. Artenay.\" \/>\n<meta property=\"article:modified_time\" content=\"2025-03-18T10:20:41+00:00\" \/>\n<meta name=\"twitter:card\" content=\"summary_large_image\" \/>\n<meta name=\"twitter:label1\" content=\"Est. reading time\" \/>\n\t<meta name=\"twitter:data1\" content=\"3 minutes\" \/>\n<script type=\"application\/ld+json\" class=\"yoast-schema-graph\">{\"@context\":\"https:\/\/schema.org\",\"@graph\":[{\"@type\":\"WebPage\",\"@id\":\"https:\/\/www.as-hotel.com\/en\/\",\"url\":\"https:\/\/www.as-hotel.com\/en\/\",\"name\":\"As Hotel Orl\u00e9ans. Artenay. OFFICIAL SITE\",\"isPartOf\":{\"@id\":\"https:\/\/www.as-hotel.com\/#website\"},\"primaryImageOfPage\":{\"@id\":\"https:\/\/www.as-hotel.com\/en\/#primaryimage\"},\"image\":{\"@id\":\"https:\/\/www.as-hotel.com\/en\/#primaryimage\"},\"thumbnailUrl\":\"https:\/\/www.as-hotel.com\/wp-content\/uploads\/2016\/06\/fasthotel-chambre.png\",\"datePublished\":\"2016-06-14T08:33:35+00:00\",\"dateModified\":\"2025-03-18T10:20:41+00:00\",\"description\":\"As Hotel is a 3 star hotel with restaurant in Artenay , north of Orleans close to the highway Paris \/ Orleans.\",\"breadcrumb\":{\"@id\":\"https:\/\/www.as-hotel.com\/en\/#breadcrumb\"},\"inLanguage\":\"en-US\",\"potentialAction\":[{\"@type\":\"ReadAction\",\"target\":[\"https:\/\/www.as-hotel.com\/en\/\"]}]},{\"@type\":\"ImageObject\",\"inLanguage\":\"en-US\",\"@id\":\"https:\/\/www.as-hotel.com\/en\/#primaryimage\",\"url\":\"https:\/\/www.as-hotel.com\/wp-content\/uploads\/2016\/06\/fasthotel-chambre.png\",\"contentUrl\":\"https:\/\/www.as-hotel.com\/wp-content\/uploads\/2016\/06\/fasthotel-chambre.png\"},{\"@type\":\"BreadcrumbList\",\"@id\":\"https:\/\/www.as-hotel.com\/en\/#breadcrumb\",\"itemListElement\":[{\"@type\":\"ListItem\",\"position\":1,\"name\":\"Accueil\",\"item\":\"https:\/\/www.as-hotel.com\/en\/\"},{\"@type\":\"ListItem\",\"position\":2,\"name\":\"Home\"}]},{\"@type\":\"WebSite\",\"@id\":\"https:\/\/www.as-hotel.com\/#website\",\"url\":\"https:\/\/www.as-hotel.com\/\",\"name\":\"As Hotel Orleans. Artenay.\",\"description\":\"\",\"potentialAction\":[{\"@type\":\"SearchAction\",\"target\":{\"@type\":\"EntryPoint\",\"urlTemplate\":\"https:\/\/www.as-hotel.com\/?s={search_term_string}\"},\"query-input\":{\"@type\":\"PropertyValueSpecification\",\"valueRequired\":true,\"valueName\":\"search_term_string\"}}],\"inLanguage\":\"en-US\"}]}<\/script>\n<!-- \/ Yoast SEO plugin. -->","yoast_head_json":{"title":"As Hotel Orl\u00e9ans. Artenay. OFFICIAL SITE","description":"As Hotel is a 3 star hotel with restaurant in Artenay , north of Orleans close to the highway Paris \/ Orleans.","robots":{"index":"index","follow":"follow","max-snippet":"max-snippet:-1","max-image-preview":"max-image-preview:large","max-video-preview":"max-video-preview:-1"},"canonical":"https:\/\/www.as-hotel.com\/en\/","og_locale":"en_US","og_type":"article","og_title":"As Hotel Orl\u00e9ans. Artenay. OFFICIAL SITE","og_description":"As Hotel is a 3 star hotel with restaurant in Artenay , north of Orleans close to the highway Paris \/ Orleans.","og_url":"https:\/\/www.as-hotel.com\/en\/","og_site_name":"As Hotel Orleans. Artenay.","article_modified_time":"2025-03-18T10:20:41+00:00","twitter_card":"summary_large_image","twitter_misc":{"Est. reading time":"3 minutes"},"schema":{"@context":"https:\/\/schema.org","@graph":[{"@type":"WebPage","@id":"https:\/\/www.as-hotel.com\/en\/","url":"https:\/\/www.as-hotel.com\/en\/","name":"As Hotel Orl\u00e9ans. Artenay. OFFICIAL SITE","isPartOf":{"@id":"https:\/\/www.as-hotel.com\/#website"},"primaryImageOfPage":{"@id":"https:\/\/www.as-hotel.com\/en\/#primaryimage"},"image":{"@id":"https:\/\/www.as-hotel.com\/en\/#primaryimage"},"thumbnailUrl":"https:\/\/www.as-hotel.com\/wp-content\/uploads\/2016\/06\/fasthotel-chambre.png","datePublished":"2016-06-14T08:33:35+00:00","dateModified":"2025-03-18T10:20:41+00:00","description":"As Hotel is a 3 star hotel with restaurant in Artenay , north of Orleans close to the highway Paris \/ Orleans.","breadcrumb":{"@id":"https:\/\/www.as-hotel.com\/en\/#breadcrumb"},"inLanguage":"en-US","potentialAction":[{"@type":"ReadAction","target":["https:\/\/www.as-hotel.com\/en\/"]}]},{"@type":"ImageObject","inLanguage":"en-US","@id":"https:\/\/www.as-hotel.com\/en\/#primaryimage","url":"https:\/\/www.as-hotel.com\/wp-content\/uploads\/2016\/06\/fasthotel-chambre.png","contentUrl":"https:\/\/www.as-hotel.com\/wp-content\/uploads\/2016\/06\/fasthotel-chambre.png"},{"@type":"BreadcrumbList","@id":"https:\/\/www.as-hotel.com\/en\/#breadcrumb","itemListElement":[{"@type":"ListItem","position":1,"name":"Accueil","item":"https:\/\/www.as-hotel.com\/en\/"},{"@type":"ListItem","position":2,"name":"Home"}]},{"@type":"WebSite","@id":"https:\/\/www.as-hotel.com\/#website","url":"https:\/\/www.as-hotel.com\/","name":"As Hotel Orleans. Artenay.","description":"","potentialAction":[{"@type":"SearchAction","target":{"@type":"EntryPoint","urlTemplate":"https:\/\/www.as-hotel.com\/?s={search_term_string}"},"query-input":{"@type":"PropertyValueSpecification","valueRequired":true,"valueName":"search_term_string"}}],"inLanguage":"en-US"}]}},"_links":{"self":[{"href":"https:\/\/www.as-hotel.com\/en\/wp-json\/wp\/v2\/pages\/1068","targetHints":{"allow":["GET"]}}],"collection":[{"href":"https:\/\/www.as-hotel.com\/en\/wp-json\/wp\/v2\/pages"}],"about":[{"href":"https:\/\/www.as-hotel.com\/en\/wp-json\/wp\/v2\/types\/page"}],"author":[{"embeddable":true,"href":"https:\/\/www.as-hotel.com\/en\/wp-json\/wp\/v2\/users\/1"}],"replies":[{"embeddable":true,"href":"https:\/\/www.as-hotel.com\/en\/wp-json\/wp\/v2\/comments?post=1068"}],"version-history":[{"count":35,"href":"https:\/\/www.as-hotel.com\/en\/wp-json\/wp\/v2\/pages\/1068\/revisions"}],"predecessor-version":[{"id":1881,"href":"https:\/\/www.as-hotel.com\/en\/wp-json\/wp\/v2\/pages\/1068\/revisions\/1881"}],"wp:attachment":[{"href":"https:\/\/www.as-hotel.com\/en\/wp-json\/wp\/v2\/media?parent=1068"}],"curies":[{"name":"wp","href":"https:\/\/api.w.org\/{rel}","templated":true}]}}