{"id":1065,"date":"2016-06-14T13:27:35","date_gmt":"2016-06-14T12:27:35","guid":{"rendered":"https:\/\/www.as-hotel.com\/en\/tarifs\/"},"modified":"2019-01-02T16:49:59","modified_gmt":"2019-01-02T15:49:59","slug":"rates","status":"publish","type":"page","link":"https:\/\/www.as-hotel.com\/en\/rates\/","title":{"rendered":"Rates"},"content":{"rendered":"<h1>Rates<\/h1>\n<div class=\"one_third\">\n<div class=\"custom \" style=\"background:-moz-linear-gradient(center top , #ffffff, #ffffff) repeat scroll 0 0 transparent;\n\t\t\t\t\t\t   background: -webkit-gradient(linear, center top, center bottom, from(#ffffff), to(#ffffff));\n\t\t\t\t\t\t   background: -o-linear-gradient(top, #ffffff 0%,#ffffff 99%); \/* Opera 11.10+ *\/\n\t\t\t\t\t\t   background: -ms-linear-gradient(top, #ffffff 0%,#ffffff 99%); \/* IE10+ *\/\n\t\t\t\t\t\t   margin-left:0 !important;\n\t\t\t\t\t\t   margin-right:0 !important;\n\t\t\t\t\t\t   border:1px solid #64AF49;\n\t\t\t\t\t\t   background-color: #ffffff;\n\t\t\t\t\t\t   width:100%;\n\t\t\t\t\t\t   color:#ffffff;\"><div class=\"inner-padding\">\n<div style=\"text-align: center; margin-top: 5px;\"><img loading=\"lazy\" decoding=\"async\" class=\"aligncenter size-full wp-image-883\" src=\"https:\/\/www.as-hotel.com\/wp-content\/uploads\/2016\/06\/chambre-double-2.png\" alt=\"Chambre SINGLE\" width=\"143\" height=\"141\" \/><\/p>\n<h3 style=\"margin-bottom: 25px; color: #1c1c1c;\"><strong>SINGLE room<\/strong><\/h3>\n<h5 style=\"margin-bottom: 15px; color: #64af49;\"><span style=\"font-size: 34px;\">65,00\u20ac<\/span><\/h5>\n<\/div>\n<div style=\"text-align: center; color: #777777; margin-bottom: 5px;\">1 person<br \/>\n&#8211;<\/div>\n<div style=\"margin-bottom: 15px;\"><div class=\"align-btn-center\"><a class=\"flat-custom-button\" href=\"#\" title=\"Book now\"><span style=\"padding:10px 20px; background-color:#ffffff; border:1px solid #64AF49; color:#000000; font-size:14px;\">Book now<\/span><\/a><\/div><\/div>\n<\/div><\/div>\n<\/div>\n<div class=\"one_third\">\n<div class=\"custom \" style=\"background:-moz-linear-gradient(center top , #ffffff, #ffffff) repeat scroll 0 0 transparent;\n\t\t\t\t\t\t   background: -webkit-gradient(linear, center top, center bottom, from(#ffffff), to(#ffffff));\n\t\t\t\t\t\t   background: -o-linear-gradient(top, #ffffff 0%,#ffffff 99%); \/* Opera 11.10+ *\/\n\t\t\t\t\t\t   background: -ms-linear-gradient(top, #ffffff 0%,#ffffff 99%); \/* IE10+ *\/\n\t\t\t\t\t\t   margin-left:0 !important;\n\t\t\t\t\t\t   margin-right:0 !important;\n\t\t\t\t\t\t   border:1px solid #64AF49;\n\t\t\t\t\t\t   background-color: #ffffff;\n\t\t\t\t\t\t   width:100%;\n\t\t\t\t\t\t   color:#ffffff;\"><div class=\"inner-padding\">\n<div style=\"text-align: center; margin-top: 5px;\"><img loading=\"lazy\" decoding=\"async\" class=\"aligncenter size-full wp-image-883\" src=\"https:\/\/www.as-hotel.com\/wp-content\/uploads\/2016\/06\/chambre-double-2.png\" alt=\"Chambre DOUBLE\" width=\"143\" height=\"141\" \/><\/p>\n<h3 style=\"margin-bottom: 25px; color: #1c1c1c;\"><strong>DOUBLE room<\/strong><\/h3>\n<h5 style=\"margin-bottom: 15px; color: #64af49;\"><span style=\"font-size: 34px;\">79,00\u20ac<\/span><\/h5>\n<\/div>\n<div style=\"text-align: center; color: #777777; margin-bottom: 5px;\">2 people<br \/>\n&#8211;<\/div>\n<div style=\"margin-bottom: 15px;\"><div class=\"align-btn-center\"><a class=\"flat-custom-button\" href=\"#\" title=\"Book now\"><span style=\"padding:10px 20px; background-color:#ffffff; border:1px solid #64AF49; color:#000000; font-size:14px;\">Book now<\/span><\/a><\/div><\/div>\n<\/div><\/div>\n<\/div>\n<div class=\"one_third last_column\">\n<div class=\"custom \" style=\"background:-moz-linear-gradient(center top , #ffffff, #ffffff) repeat scroll 0 0 transparent;\n\t\t\t\t\t\t   background: -webkit-gradient(linear, center top, center bottom, from(#ffffff), to(#ffffff));\n\t\t\t\t\t\t   background: -o-linear-gradient(top, #ffffff 0%,#ffffff 99%); \/* Opera 11.10+ *\/\n\t\t\t\t\t\t   background: -ms-linear-gradient(top, #ffffff 0%,#ffffff 99%); \/* IE10+ *\/\n\t\t\t\t\t\t   margin-left:0 !important;\n\t\t\t\t\t\t   margin-right:0 !important;\n\t\t\t\t\t\t   border:1px solid #64AF49;\n\t\t\t\t\t\t   background-color: #ffffff;\n\t\t\t\t\t\t   width:100%;\n\t\t\t\t\t\t   color:#ffffff;\"><div class=\"inner-padding\">\n<div style=\"text-align: center; margin-top: 5px;\"><img loading=\"lazy\" decoding=\"async\" class=\"aligncenter size-full wp-image-886\" src=\"https:\/\/www.as-hotel.com\/wp-content\/uploads\/2016\/06\/chambre-tiple.png\" alt=\"Chambre DOUBLE +\" width=\"143\" height=\"141\" \/><\/p>\n<h3 style=\"margin-bottom: 25px; color: #1c1c1c;\"><strong>DOUBLE + room<\/strong><\/h3>\n<h5 style=\"margin-bottom: 15px; color: #64af49;\"><span style=\"font-size: 34px;\">83,00\u20ac<\/span><\/h5>\n<\/div>\n<div style=\"text-align: center; color: #777777; margin-bottom: 5px;\">Double room<br \/>\n+ bed for child<\/div>\n<div style=\"margin-bottom: 15px;\"><div class=\"align-btn-center\"><a class=\"flat-custom-button\" href=\"#\" title=\"Book now\"><span style=\"padding:10px 20px; background-color:#ffffff; border:1px solid #64AF49; color:#000000; font-size:14px;\">Book now<\/span><\/a><\/div><\/div>\n<\/div><\/div>\n<\/div>\n<div class=\"clear\"><\/div>\n<div style=\"background-color: #52ab41; color: #ffffff; padding: 10px;\"><strong>LES SUPPL\u00c9MENTS<\/strong><\/div>\n<p><strong>Petit D\u00e9jeuner<\/strong> | <span style=\"color: #52ab41;\"><strong>8,00 \u20ac<\/strong><\/span> | Du lundi au vendredi de 6h30 \u00e0 9h30. Le week-end et jours f\u00e9ri\u00e9s de 7h00 \u00e0 10h00.<\/p>\n<hr \/>\n<p><strong>Suppl\u00e9ment animal<\/strong> | <span style=\"color: #52ab41;\"><strong>6,50 \u20ac par nuit<\/strong><\/span><\/p>\n<hr \/>\n<p><strong>Lit b\u00e9b\u00e9<\/strong> | <span style=\"color: #52ab41;\"><strong>9,50 \u20ac par nuit<\/strong><\/span><\/p>\n<div class=\"clear\"><\/div>\n\t\t\t<style type=\"text\/css\">\n\t\t\t\t#content-block-background-1036 { background-image: url(https:\/\/www.as-hotel.com\/wp-content\/uploads\/2016\/06\/background-fond.jpg); background-position: center top; background-repeat: repeat-x; background-color: #ffffff; background-attachment: fixed; background-size: auto; }\n\t\t\t\t#content-block-body-1036 { padding: 60px 0; color: #FFFFFF; }\n\t\t\t\t.content-block-body { margin-left: auto; margin-right: auto; position: relative; }\n\t\t\t<\/style>\n\t\t\t\t\t\t\t<style type=\"text\/css\">\n\t\t\t\t\t#wrapper-1 { overflow-x: hidden; }\n\t\t\t\t\t#content-block-background-1036 { margin: 0 -10000px; padding: 0 10000px; }\n\t\t\t\t<\/style>\n\t\t\t\n\t\t\t\t\t\t<script type=\"text\/javascript\">\n\t\t\t\t\/\/ <![CDATA[\n\t\t\t\tjQuery(document).ready(function($){\n\t\t\t\t\t\"use strict\";\n\t\t\t\t\tif( ! $(\"body\").hasClass( \"mobile-detected\" ) ){\n\t\t\t\t\t\t$(\"#content-block-background-\"+1036).each(function(){\n\t\t\t\t\t\t\tvar $bgobj = $(this); \/\/ Assigning the object.\n\t\t\t\t\t\t\tvar xPos = 'center'; \/\/ x bg position value from the user shortcode.\n\t\t\t\t\t\t\t$(window).scroll(function() {\n\t\t\t\t\t\t\t\tvar yPos = -($(window).scrollTop() \/ 3);\n\t\t\t\t\t\t\t\t\/\/ Put together our final background position.\n\t\t\t\t\t\t\t\tvar coords = xPos+' '+yPos+'px';\n\t\t\t\t\t\t\t\t\/\/ Move the background.\n\t\t\t\t\t\t\t\t$bgobj.css({ backgroundPosition: coords });\n\t\t\t\t\t\t\t});\n\t\t\t\t\t\t});\n\t\t\t\t\t}\n\t\t\t\t});\n\t\t\t\t\/\/ ]]>\n\t\t\t<\/script>\n\t\t\t\n\t\t\t<div class=\"clear\"><\/div>\n\t\t\t<div id=\"content-block-background-1036\" class=\"content-block-background class-name\">\n\t\t\t\t<div id=\"content-block-body-1036\" class=\"content-block-body\">\n\t\t\t\t\t<div class=\"clear\"><\/div>\n\t\t\t\t\t\n<div class=\"one_half\">\n<h2>Equipment<\/h2>\n<hr \/>\n<p><img loading=\"lazy\" decoding=\"async\" class=\"alignleft size-full wp-image-259\" title=\"34 rooms\" src=\"https:\/\/www.as-hotel.com\/wp-content\/uploads\/2016\/06\/hotel-3-etoiles.png\" alt=\"34 rooms\" width=\"45\" height=\"45\" \/><br \/>\n34 rooms<\/p>\n<p><img loading=\"lazy\" decoding=\"async\" class=\"alignleft size-full wp-image-256\" title=\"Bed with duvet\" src=\"https:\/\/www.as-hotel.com\/wp-content\/uploads\/2016\/07\/literie.png\" alt=\"Bed with duvet\" width=\"45\" height=\"45\" \/><br \/>\nBed with duvet<\/p>\n<p><img loading=\"lazy\" decoding=\"async\" class=\"alignleft size-full wp-image-281\" title=\"Private bathroom with bathtub, toilet in the bathroom\" src=\"https:\/\/www.as-hotel.com\/wp-content\/uploads\/2016\/06\/sdb.png\" alt=\"Private bathroom with bathtub, toilet in the bathroom\" width=\"45\" height=\"45\" \/><br \/>\nPrivate bathroom with bathtub, toilet in the bathroom<\/p>\n<p><img loading=\"lazy\" decoding=\"async\" class=\"alignleft size-full wp-image-308\" title=\"Office\" src=\"https:\/\/www.as-hotel.com\/wp-content\/uploads\/2016\/06\/bureau.png\" alt=\"Office\" width=\"45\" height=\"45\" \/><br \/>\nOffice<\/p>\n<p><img loading=\"lazy\" decoding=\"async\" class=\"alignleft size-full wp-image-246\" title=\"Flat-screen LCD TV, Canal+, TNT\" src=\"https:\/\/www.as-hotel.com\/wp-content\/uploads\/2016\/06\/ecran-lcd.png\" alt=\"Flat-screen LCD TV, Canal+, TNT\" width=\"45\" height=\"45\" \/><img loading=\"lazy\" decoding=\"async\" class=\"alignleft size-full wp-image-233\" title=\"Canal+\" src=\"https:\/\/www.as-hotel.com\/wp-content\/uploads\/2016\/06\/canal.png\" alt=\"Canal+\" width=\"45\" height=\"45\" \/><img loading=\"lazy\" decoding=\"async\" class=\"alignleft size-full wp-image-254\" title=\"TNT\" src=\"https:\/\/www.as-hotel.com\/wp-content\/uploads\/2016\/06\/tnt.png\" alt=\"TNT\" width=\"45\" height=\"45\" \/><br \/>\nFlat-screen LCD TV, Canal+, TNT<\/p>\n<p><img loading=\"lazy\" decoding=\"async\" class=\"alignleft size-full wp-image-227\" title=\"Free and unlimited Wi-Fi\" src=\"https:\/\/www.as-hotel.com\/wp-content\/uploads\/2016\/06\/wifi-gratuit.png\" alt=\"Free and unlimited Wi-Fi\" width=\"45\" height=\"45\" \/><br \/>\nFree and unlimited Wi-Fi<\/p>\n<p><img loading=\"lazy\" decoding=\"async\" class=\"alignleft size-full wp-image-227\" title=\"Hairdryer\" src=\"https:\/\/www.as-hotel.com\/wp-content\/uploads\/2016\/07\/seche-cheveux.png\" alt=\"Hairdryer\" width=\"45\" height=\"45\" \/><br \/>\nHairdryer<\/p>\n<p><img loading=\"lazy\" decoding=\"async\" class=\"alignleft size-full wp-image-227\" title=\"Welcome products\" src=\"https:\/\/www.as-hotel.com\/wp-content\/uploads\/2016\/07\/prod-accueil.png\" alt=\"Welcome products\" width=\"45\" height=\"45\" \/><br \/>\nWelcome products<\/p>\n<\/div>\n<div class=\"one_half last_column\">\n<h2>Services<\/h2>\n<hr \/>\n<p><img loading=\"lazy\" decoding=\"async\" class=\"alignleft size-thumbnail wp-image-234\" title=\"Disabled access\" src=\"https:\/\/www.as-hotel.com\/wp-content\/uploads\/2016\/07\/pmr.png\" alt=\"Disabled access\" width=\"45\" height=\"45\" \/><br \/>\nDisabled access<\/p>\n<p><img loading=\"lazy\" decoding=\"async\" class=\"alignleft size-thumbnail wp-image-234\" title=\"Free private parking\" src=\"https:\/\/www.as-hotel.com\/wp-content\/uploads\/2016\/06\/parking.png\" alt=\"Free private parking\" width=\"45\" height=\"45\" \/><br \/>\nFree private parking<\/p>\n<p><img loading=\"lazy\" decoding=\"async\" class=\"alignleft size-full wp-image-242\" title=\"Bar, Terrace, Games\" src=\"https:\/\/www.as-hotel.com\/wp-content\/uploads\/2016\/06\/bar.png\" alt=\"Bar, Terrace, Games\" width=\"45\" height=\"45\" \/><br \/>\nBar, Terrace, Games<\/p>\n<p><img loading=\"lazy\" decoding=\"async\" class=\"alignleft size-thumbnail wp-image-243\" title=\"Restaurant le Pique Assiette\" src=\"https:\/\/www.as-hotel.com\/wp-content\/uploads\/2016\/06\/resstaurant.png\" alt=\"Restaurant le Pique Assiette\" width=\"45\" height=\"45\" \/><br \/>\nRestaurant le Pique Assiette<\/p>\n<p><img loading=\"lazy\" decoding=\"async\" class=\"alignleft size-full wp-image-240\" title=\"24 hour key distribution\" src=\"https:\/\/www.as-hotel.com\/wp-content\/uploads\/2016\/06\/distributeur-24h.png\" alt=\"24 hour key distribution\" width=\"45\" height=\"45\" \/><br \/>\n24 hour key distribution<\/p>\n<p><img loading=\"lazy\" decoding=\"async\" class=\"alignleft size-full wp-image-240\" title=\"Games outer and internal children\" src=\"https:\/\/www.as-hotel.com\/wp-content\/uploads\/2016\/07\/jeux.png\" alt=\"Games outer and internal children\" width=\"45\" height=\"45\" \/><br \/>\nGames outer and internal children<\/p>\n<p><img loading=\"lazy\" decoding=\"async\" class=\"alignleft size-full wp-image-240\" title=\"Breakfast\" src=\"https:\/\/www.as-hotel.com\/wp-content\/uploads\/2016\/07\/pdj.png\" alt=\"Breakfast\" width=\"45\" height=\"45\" \/><br \/>\nBreakfast | From Monday to Friday of 6:30 am at 9:30 am. The weekend and holidays of 7:00 am at 10:00 am.<\/p>\n<\/div>\n\t\t\t\t\t<div class=\"clear\"><\/div>\n\t\t\t\t<\/div>\n\t\t\t<\/div>\n\t\t\t<div class=\"clear\"><\/div>\n\t\t\t\n","protected":false},"excerpt":{"rendered":"<p>Rates LES SUPPL\u00c9MENTS Petit D\u00e9jeuner | 8,00 \u20ac | Du lundi au vendredi de 6h30 \u00e0 9h30. Le week-end et jours f\u00e9ri\u00e9s de 7h00 \u00e0 10h00. Suppl\u00e9ment animal | 6,50 \u20ac par nuit Lit b\u00e9b\u00e9 | 9,50 \u20ac par nuit<\/p>\n","protected":false},"author":2,"featured_media":0,"parent":0,"menu_order":0,"comment_status":"closed","ping_status":"closed","template":"page-FullWidth.php","meta":{"footnotes":""},"class_list":["post-1065","page","type-page","status-publish","hentry"],"yoast_head":"<!-- This site is optimized with the Yoast SEO plugin v26.8 - https:\/\/yoast.com\/product\/yoast-seo-wordpress\/ -->\n<title>Rates - As Hotel Orleans. Artenay.<\/title>\n<meta name=\"robots\" content=\"index, follow, max-snippet:-1, max-image-preview:large, max-video-preview:-1\" \/>\n<link rel=\"canonical\" href=\"https:\/\/www.as-hotel.com\/en\/rates\/\" \/>\n<meta property=\"og:locale\" content=\"en_US\" \/>\n<meta property=\"og:type\" content=\"article\" \/>\n<meta property=\"og:title\" content=\"Rates - As Hotel Orleans. Artenay.\" \/>\n<meta property=\"og:description\" content=\"Rates LES SUPPL\u00c9MENTS Petit D\u00e9jeuner | 8,00 \u20ac | Du lundi au vendredi de 6h30 \u00e0 9h30. Le week-end et jours f\u00e9ri\u00e9s de 7h00 \u00e0 10h00. Suppl\u00e9ment animal | 6,50 \u20ac par nuit Lit b\u00e9b\u00e9 | 9,50 \u20ac par nuit\" \/>\n<meta property=\"og:url\" content=\"https:\/\/www.as-hotel.com\/en\/rates\/\" \/>\n<meta property=\"og:site_name\" content=\"As Hotel Orleans. Artenay.\" \/>\n<meta property=\"article:modified_time\" content=\"2019-01-02T15:49:59+00:00\" \/>\n<meta property=\"og:image\" content=\"https:\/\/www.as-hotel.com\/wp-content\/uploads\/2016\/06\/chambre-double-2.png\" \/>\n<meta name=\"twitter:card\" content=\"summary_large_image\" \/>\n<meta name=\"twitter:label1\" content=\"Est. reading time\" \/>\n\t<meta name=\"twitter:data1\" content=\"2 minutes\" \/>\n<script type=\"application\/ld+json\" class=\"yoast-schema-graph\">{\"@context\":\"https:\/\/schema.org\",\"@graph\":[{\"@type\":\"WebPage\",\"@id\":\"https:\/\/www.as-hotel.com\/en\/rates\/\",\"url\":\"https:\/\/www.as-hotel.com\/en\/rates\/\",\"name\":\"Rates - As Hotel Orleans. Artenay.\",\"isPartOf\":{\"@id\":\"https:\/\/www.as-hotel.com\/#website\"},\"primaryImageOfPage\":{\"@id\":\"https:\/\/www.as-hotel.com\/en\/rates\/#primaryimage\"},\"image\":{\"@id\":\"https:\/\/www.as-hotel.com\/en\/rates\/#primaryimage\"},\"thumbnailUrl\":\"https:\/\/www.as-hotel.com\/wp-content\/uploads\/2016\/06\/chambre-double-2.png\",\"datePublished\":\"2016-06-14T12:27:35+00:00\",\"dateModified\":\"2019-01-02T15:49:59+00:00\",\"breadcrumb\":{\"@id\":\"https:\/\/www.as-hotel.com\/en\/rates\/#breadcrumb\"},\"inLanguage\":\"en-US\",\"potentialAction\":[{\"@type\":\"ReadAction\",\"target\":[\"https:\/\/www.as-hotel.com\/en\/rates\/\"]}]},{\"@type\":\"ImageObject\",\"inLanguage\":\"en-US\",\"@id\":\"https:\/\/www.as-hotel.com\/en\/rates\/#primaryimage\",\"url\":\"https:\/\/www.as-hotel.com\/wp-content\/uploads\/2016\/06\/chambre-double-2.png\",\"contentUrl\":\"https:\/\/www.as-hotel.com\/wp-content\/uploads\/2016\/06\/chambre-double-2.png\"},{\"@type\":\"BreadcrumbList\",\"@id\":\"https:\/\/www.as-hotel.com\/en\/rates\/#breadcrumb\",\"itemListElement\":[{\"@type\":\"ListItem\",\"position\":1,\"name\":\"Accueil\",\"item\":\"https:\/\/www.as-hotel.com\/en\/\"},{\"@type\":\"ListItem\",\"position\":2,\"name\":\"Rates\"}]},{\"@type\":\"WebSite\",\"@id\":\"https:\/\/www.as-hotel.com\/#website\",\"url\":\"https:\/\/www.as-hotel.com\/\",\"name\":\"As Hotel Orleans. Artenay.\",\"description\":\"\",\"potentialAction\":[{\"@type\":\"SearchAction\",\"target\":{\"@type\":\"EntryPoint\",\"urlTemplate\":\"https:\/\/www.as-hotel.com\/?s={search_term_string}\"},\"query-input\":{\"@type\":\"PropertyValueSpecification\",\"valueRequired\":true,\"valueName\":\"search_term_string\"}}],\"inLanguage\":\"en-US\"}]}<\/script>\n<!-- \/ Yoast SEO plugin. -->","yoast_head_json":{"title":"Rates - As Hotel Orleans. Artenay.","robots":{"index":"index","follow":"follow","max-snippet":"max-snippet:-1","max-image-preview":"max-image-preview:large","max-video-preview":"max-video-preview:-1"},"canonical":"https:\/\/www.as-hotel.com\/en\/rates\/","og_locale":"en_US","og_type":"article","og_title":"Rates - As Hotel Orleans. Artenay.","og_description":"Rates LES SUPPL\u00c9MENTS Petit D\u00e9jeuner | 8,00 \u20ac | Du lundi au vendredi de 6h30 \u00e0 9h30. Le week-end et jours f\u00e9ri\u00e9s de 7h00 \u00e0 10h00. Suppl\u00e9ment animal | 6,50 \u20ac par nuit Lit b\u00e9b\u00e9 | 9,50 \u20ac par nuit","og_url":"https:\/\/www.as-hotel.com\/en\/rates\/","og_site_name":"As Hotel Orleans. Artenay.","article_modified_time":"2019-01-02T15:49:59+00:00","og_image":[{"url":"https:\/\/www.as-hotel.com\/wp-content\/uploads\/2016\/06\/chambre-double-2.png","type":"","width":"","height":""}],"twitter_card":"summary_large_image","twitter_misc":{"Est. reading time":"2 minutes"},"schema":{"@context":"https:\/\/schema.org","@graph":[{"@type":"WebPage","@id":"https:\/\/www.as-hotel.com\/en\/rates\/","url":"https:\/\/www.as-hotel.com\/en\/rates\/","name":"Rates - As Hotel Orleans. Artenay.","isPartOf":{"@id":"https:\/\/www.as-hotel.com\/#website"},"primaryImageOfPage":{"@id":"https:\/\/www.as-hotel.com\/en\/rates\/#primaryimage"},"image":{"@id":"https:\/\/www.as-hotel.com\/en\/rates\/#primaryimage"},"thumbnailUrl":"https:\/\/www.as-hotel.com\/wp-content\/uploads\/2016\/06\/chambre-double-2.png","datePublished":"2016-06-14T12:27:35+00:00","dateModified":"2019-01-02T15:49:59+00:00","breadcrumb":{"@id":"https:\/\/www.as-hotel.com\/en\/rates\/#breadcrumb"},"inLanguage":"en-US","potentialAction":[{"@type":"ReadAction","target":["https:\/\/www.as-hotel.com\/en\/rates\/"]}]},{"@type":"ImageObject","inLanguage":"en-US","@id":"https:\/\/www.as-hotel.com\/en\/rates\/#primaryimage","url":"https:\/\/www.as-hotel.com\/wp-content\/uploads\/2016\/06\/chambre-double-2.png","contentUrl":"https:\/\/www.as-hotel.com\/wp-content\/uploads\/2016\/06\/chambre-double-2.png"},{"@type":"BreadcrumbList","@id":"https:\/\/www.as-hotel.com\/en\/rates\/#breadcrumb","itemListElement":[{"@type":"ListItem","position":1,"name":"Accueil","item":"https:\/\/www.as-hotel.com\/en\/"},{"@type":"ListItem","position":2,"name":"Rates"}]},{"@type":"WebSite","@id":"https:\/\/www.as-hotel.com\/#website","url":"https:\/\/www.as-hotel.com\/","name":"As Hotel Orleans. Artenay.","description":"","potentialAction":[{"@type":"SearchAction","target":{"@type":"EntryPoint","urlTemplate":"https:\/\/www.as-hotel.com\/?s={search_term_string}"},"query-input":{"@type":"PropertyValueSpecification","valueRequired":true,"valueName":"search_term_string"}}],"inLanguage":"en-US"}]}},"_links":{"self":[{"href":"https:\/\/www.as-hotel.com\/en\/wp-json\/wp\/v2\/pages\/1065","targetHints":{"allow":["GET"]}}],"collection":[{"href":"https:\/\/www.as-hotel.com\/en\/wp-json\/wp\/v2\/pages"}],"about":[{"href":"https:\/\/www.as-hotel.com\/en\/wp-json\/wp\/v2\/types\/page"}],"author":[{"embeddable":true,"href":"https:\/\/www.as-hotel.com\/en\/wp-json\/wp\/v2\/users\/2"}],"replies":[{"embeddable":true,"href":"https:\/\/www.as-hotel.com\/en\/wp-json\/wp\/v2\/comments?post=1065"}],"version-history":[{"count":15,"href":"https:\/\/www.as-hotel.com\/en\/wp-json\/wp\/v2\/pages\/1065\/revisions"}],"predecessor-version":[{"id":1629,"href":"https:\/\/www.as-hotel.com\/en\/wp-json\/wp\/v2\/pages\/1065\/revisions\/1629"}],"wp:attachment":[{"href":"https:\/\/www.as-hotel.com\/en\/wp-json\/wp\/v2\/media?parent=1065"}],"curies":[{"name":"wp","href":"https:\/\/api.w.org\/{rel}","templated":true}]}}